{"id":985,"date":"2026-04-25T17:58:00","date_gmt":"2026-04-25T15:58:00","guid":{"rendered":"https:\/\/savoyamp.com\/?post_type=product&#038;p=985"},"modified":"2026-04-25T18:02:40","modified_gmt":"2026-04-25T16:02:40","slug":"casquette-trucker","status":"publish","type":"product","link":"https:\/\/savoyamp.com\/index.php\/produit\/casquette-trucker\/","title":{"rendered":"Casquette Trucker"},"content":{"rendered":"<p>26 % coton, 74 % polyester<\/p>\n","protected":false},"excerpt":{"rendered":"<h4>L\u2019alli\u00e9 id\u00e9al <strong>pour<\/strong> vos sessions d\u2019\u00e9t\u00e9<\/h4>\n<p>Issu d\u2019une collaboration exclusive entre <strong>Savoy Amp<\/strong> et <strong>Rogue Voltage<\/strong>, ce nouveau produit est pens\u00e9 pour accompagner vos moments musicaux sous le soleil.<\/p>\n<p>Profitez pleinement de vos sessions guitare en ext\u00e9rieur, avec un \u00e9quipement con\u00e7u pour allier plaisir, confort et performance, m\u00eame lors des journ\u00e9es les plus chaudes.<\/p>\n<p>Disponible d\u00e8s maintenant \u2014 \u00e0 vous les riffs en plein soleil, sans compromis !<\/p>\n","protected":false},"featured_media":988,"comment_status":"open","ping_status":"closed","template":"","meta":[],"product_brand":[],"product_cat":[40],"product_tag":[],"class_list":{"0":"post-985","1":"product","2":"type-product","3":"status-publish","4":"has-post-thumbnail","6":"product_cat-mersh","8":"first","9":"instock","10":"shipping-taxable","11":"purchasable","12":"product-type-simple"},"yoast_head":"<!-- This site is optimized with the Yoast SEO plugin v26.9 - https:\/\/yoast.com\/product\/yoast-seo-wordpress\/ -->\n<title>Casquette Trucker - Savoy Amplifier<\/title>\n<meta name=\"robots\" content=\"index, follow, max-snippet:-1, max-image-preview:large, max-video-preview:-1\" \/>\n<link rel=\"canonical\" href=\"https:\/\/savoyamp.com\/index.php\/produit\/casquette-trucker\/\" \/>\n<meta property=\"og:locale\" content=\"fr_FR\" \/>\n<meta property=\"og:type\" content=\"article\" \/>\n<meta property=\"og:title\" content=\"Casquette Trucker - Savoy Amplifier\" \/>\n<meta property=\"og:description\" content=\"L\u2019alli\u00e9 id\u00e9al pour vos sessions d\u2019\u00e9t\u00e9 Issu d\u2019une collaboration exclusive entre Savoy Amp et Rogue Voltage, ce nouveau produit est pens\u00e9 pour accompagner vos moments musicaux sous le soleil.  Profitez pleinement de vos sessions guitare en ext\u00e9rieur, avec un \u00e9quipement con\u00e7u pour allier plaisir, confort et performance, m\u00eame lors des journ\u00e9es les plus chaudes.  Disponible d\u00e8s maintenant \u2014 \u00e0 vous les riffs en plein soleil, sans compromis !\" \/>\n<meta property=\"og:url\" content=\"https:\/\/savoyamp.com\/index.php\/produit\/casquette-trucker\/\" \/>\n<meta property=\"og:site_name\" content=\"Savoy Amplifier\" \/>\n<meta property=\"article:modified_time\" content=\"2026-04-25T16:02:40+00:00\" \/>\n<meta property=\"og:image\" content=\"http:\/\/savoyamp.com\/wp-content\/uploads\/2026\/04\/retro-trucker-hat-black-white-right-front-69e9c6380dbc3.webp\" \/>\n\t<meta property=\"og:image:width\" content=\"823\" \/>\n\t<meta property=\"og:image:height\" content=\"823\" \/>\n\t<meta property=\"og:image:type\" content=\"image\/webp\" \/>\n<meta name=\"twitter:card\" content=\"summary_large_image\" \/>\n<meta name=\"twitter:label1\" content=\"Dur\u00e9e de lecture estim\u00e9e\" \/>\n\t<meta name=\"twitter:data1\" content=\"1 minute\" \/>\n<script type=\"application\/ld+json\" class=\"yoast-schema-graph\">{\"@context\":\"https:\/\/schema.org\",\"@graph\":[{\"@type\":\"WebPage\",\"@id\":\"https:\/\/savoyamp.com\/index.php\/produit\/casquette-trucker\/\",\"url\":\"https:\/\/savoyamp.com\/index.php\/produit\/casquette-trucker\/\",\"name\":\"Casquette Trucker - Savoy Amplifier\",\"isPartOf\":{\"@id\":\"https:\/\/savoyamp.com\/#website\"},\"primaryImageOfPage\":{\"@id\":\"https:\/\/savoyamp.com\/index.php\/produit\/casquette-trucker\/#primaryimage\"},\"image\":{\"@id\":\"https:\/\/savoyamp.com\/index.php\/produit\/casquette-trucker\/#primaryimage\"},\"thumbnailUrl\":\"https:\/\/savoyamp.com\/wp-content\/uploads\/2026\/04\/retro-trucker-hat-black-white-right-front-69e9c6380dbc3.webp\",\"datePublished\":\"2026-04-25T15:58:00+00:00\",\"dateModified\":\"2026-04-25T16:02:40+00:00\",\"breadcrumb\":{\"@id\":\"https:\/\/savoyamp.com\/index.php\/produit\/casquette-trucker\/#breadcrumb\"},\"inLanguage\":\"fr-FR\",\"potentialAction\":[{\"@type\":\"ReadAction\",\"target\":[\"https:\/\/savoyamp.com\/index.php\/produit\/casquette-trucker\/\"]}]},{\"@type\":\"ImageObject\",\"inLanguage\":\"fr-FR\",\"@id\":\"https:\/\/savoyamp.com\/index.php\/produit\/casquette-trucker\/#primaryimage\",\"url\":\"https:\/\/savoyamp.com\/wp-content\/uploads\/2026\/04\/retro-trucker-hat-black-white-right-front-69e9c6380dbc3.webp\",\"contentUrl\":\"https:\/\/savoyamp.com\/wp-content\/uploads\/2026\/04\/retro-trucker-hat-black-white-right-front-69e9c6380dbc3.webp\",\"width\":823,\"height\":823},{\"@type\":\"BreadcrumbList\",\"@id\":\"https:\/\/savoyamp.com\/index.php\/produit\/casquette-trucker\/#breadcrumb\",\"itemListElement\":[{\"@type\":\"ListItem\",\"position\":1,\"name\":\"Accueil\",\"item\":\"https:\/\/savoyamp.com\/\"},{\"@type\":\"ListItem\",\"position\":2,\"name\":\"Boutique\",\"item\":\"https:\/\/savoyamp.com\/index.php\/boutique\/\"},{\"@type\":\"ListItem\",\"position\":3,\"name\":\"Casquette Trucker\"}]},{\"@type\":\"WebSite\",\"@id\":\"https:\/\/savoyamp.com\/#website\",\"url\":\"https:\/\/savoyamp.com\/\",\"name\":\"Savoy Amplifier\",\"description\":\"\",\"publisher\":{\"@id\":\"https:\/\/savoyamp.com\/#organization\"},\"potentialAction\":[{\"@type\":\"SearchAction\",\"target\":{\"@type\":\"EntryPoint\",\"urlTemplate\":\"https:\/\/savoyamp.com\/?s={search_term_string}\"},\"query-input\":{\"@type\":\"PropertyValueSpecification\",\"valueRequired\":true,\"valueName\":\"search_term_string\"}}],\"inLanguage\":\"fr-FR\"},{\"@type\":\"Organization\",\"@id\":\"https:\/\/savoyamp.com\/#organization\",\"name\":\"Savoy Amplifier\",\"url\":\"https:\/\/savoyamp.com\/\",\"logo\":{\"@type\":\"ImageObject\",\"inLanguage\":\"fr-FR\",\"@id\":\"https:\/\/savoyamp.com\/#\/schema\/logo\/image\/\",\"url\":\"https:\/\/savoyamp.com\/wp-content\/uploads\/2024\/02\/Logo.png\",\"contentUrl\":\"https:\/\/savoyamp.com\/wp-content\/uploads\/2024\/02\/Logo.png\",\"width\":6716,\"height\":1323,\"caption\":\"Savoy Amplifier\"},\"image\":{\"@id\":\"https:\/\/savoyamp.com\/#\/schema\/logo\/image\/\"}}]}<\/script>\n<!-- \/ Yoast SEO plugin. -->","yoast_head_json":{"title":"Casquette Trucker - Savoy Amplifier","robots":{"index":"index","follow":"follow","max-snippet":"max-snippet:-1","max-image-preview":"max-image-preview:large","max-video-preview":"max-video-preview:-1"},"canonical":"https:\/\/savoyamp.com\/index.php\/produit\/casquette-trucker\/","og_locale":"fr_FR","og_type":"article","og_title":"Casquette Trucker - Savoy Amplifier","og_description":"L\u2019alli\u00e9 id\u00e9al pour vos sessions d\u2019\u00e9t\u00e9 Issu d\u2019une collaboration exclusive entre Savoy Amp et Rogue Voltage, ce nouveau produit est pens\u00e9 pour accompagner vos moments musicaux sous le soleil.  Profitez pleinement de vos sessions guitare en ext\u00e9rieur, avec un \u00e9quipement con\u00e7u pour allier plaisir, confort et performance, m\u00eame lors des journ\u00e9es les plus chaudes.  Disponible d\u00e8s maintenant \u2014 \u00e0 vous les riffs en plein soleil, sans compromis !","og_url":"https:\/\/savoyamp.com\/index.php\/produit\/casquette-trucker\/","og_site_name":"Savoy Amplifier","article_modified_time":"2026-04-25T16:02:40+00:00","og_image":[{"width":823,"height":823,"url":"http:\/\/savoyamp.com\/wp-content\/uploads\/2026\/04\/retro-trucker-hat-black-white-right-front-69e9c6380dbc3.webp","type":"image\/webp"}],"twitter_card":"summary_large_image","twitter_misc":{"Dur\u00e9e de lecture estim\u00e9e":"1 minute"},"schema":{"@context":"https:\/\/schema.org","@graph":[{"@type":"WebPage","@id":"https:\/\/savoyamp.com\/index.php\/produit\/casquette-trucker\/","url":"https:\/\/savoyamp.com\/index.php\/produit\/casquette-trucker\/","name":"Casquette Trucker - Savoy Amplifier","isPartOf":{"@id":"https:\/\/savoyamp.com\/#website"},"primaryImageOfPage":{"@id":"https:\/\/savoyamp.com\/index.php\/produit\/casquette-trucker\/#primaryimage"},"image":{"@id":"https:\/\/savoyamp.com\/index.php\/produit\/casquette-trucker\/#primaryimage"},"thumbnailUrl":"https:\/\/savoyamp.com\/wp-content\/uploads\/2026\/04\/retro-trucker-hat-black-white-right-front-69e9c6380dbc3.webp","datePublished":"2026-04-25T15:58:00+00:00","dateModified":"2026-04-25T16:02:40+00:00","breadcrumb":{"@id":"https:\/\/savoyamp.com\/index.php\/produit\/casquette-trucker\/#breadcrumb"},"inLanguage":"fr-FR","potentialAction":[{"@type":"ReadAction","target":["https:\/\/savoyamp.com\/index.php\/produit\/casquette-trucker\/"]}]},{"@type":"ImageObject","inLanguage":"fr-FR","@id":"https:\/\/savoyamp.com\/index.php\/produit\/casquette-trucker\/#primaryimage","url":"https:\/\/savoyamp.com\/wp-content\/uploads\/2026\/04\/retro-trucker-hat-black-white-right-front-69e9c6380dbc3.webp","contentUrl":"https:\/\/savoyamp.com\/wp-content\/uploads\/2026\/04\/retro-trucker-hat-black-white-right-front-69e9c6380dbc3.webp","width":823,"height":823},{"@type":"BreadcrumbList","@id":"https:\/\/savoyamp.com\/index.php\/produit\/casquette-trucker\/#breadcrumb","itemListElement":[{"@type":"ListItem","position":1,"name":"Accueil","item":"https:\/\/savoyamp.com\/"},{"@type":"ListItem","position":2,"name":"Boutique","item":"https:\/\/savoyamp.com\/index.php\/boutique\/"},{"@type":"ListItem","position":3,"name":"Casquette Trucker"}]},{"@type":"WebSite","@id":"https:\/\/savoyamp.com\/#website","url":"https:\/\/savoyamp.com\/","name":"Savoy Amplifier","description":"","publisher":{"@id":"https:\/\/savoyamp.com\/#organization"},"potentialAction":[{"@type":"SearchAction","target":{"@type":"EntryPoint","urlTemplate":"https:\/\/savoyamp.com\/?s={search_term_string}"},"query-input":{"@type":"PropertyValueSpecification","valueRequired":true,"valueName":"search_term_string"}}],"inLanguage":"fr-FR"},{"@type":"Organization","@id":"https:\/\/savoyamp.com\/#organization","name":"Savoy Amplifier","url":"https:\/\/savoyamp.com\/","logo":{"@type":"ImageObject","inLanguage":"fr-FR","@id":"https:\/\/savoyamp.com\/#\/schema\/logo\/image\/","url":"https:\/\/savoyamp.com\/wp-content\/uploads\/2024\/02\/Logo.png","contentUrl":"https:\/\/savoyamp.com\/wp-content\/uploads\/2024\/02\/Logo.png","width":6716,"height":1323,"caption":"Savoy Amplifier"},"image":{"@id":"https:\/\/savoyamp.com\/#\/schema\/logo\/image\/"}}]}},"_links":{"self":[{"href":"https:\/\/savoyamp.com\/index.php\/wp-json\/wp\/v2\/product\/985","targetHints":{"allow":["GET"]}}],"collection":[{"href":"https:\/\/savoyamp.com\/index.php\/wp-json\/wp\/v2\/product"}],"about":[{"href":"https:\/\/savoyamp.com\/index.php\/wp-json\/wp\/v2\/types\/product"}],"replies":[{"embeddable":true,"href":"https:\/\/savoyamp.com\/index.php\/wp-json\/wp\/v2\/comments?post=985"}],"version-history":[{"count":4,"href":"https:\/\/savoyamp.com\/index.php\/wp-json\/wp\/v2\/product\/985\/revisions"}],"predecessor-version":[{"id":992,"href":"https:\/\/savoyamp.com\/index.php\/wp-json\/wp\/v2\/product\/985\/revisions\/992"}],"wp:featuredmedia":[{"embeddable":true,"href":"https:\/\/savoyamp.com\/index.php\/wp-json\/wp\/v2\/media\/988"}],"wp:attachment":[{"href":"https:\/\/savoyamp.com\/index.php\/wp-json\/wp\/v2\/media?parent=985"}],"wp:term":[{"taxonomy":"product_brand","embeddable":true,"href":"https:\/\/savoyamp.com\/index.php\/wp-json\/wp\/v2\/product_brand?post=985"},{"taxonomy":"product_cat","embeddable":true,"href":"https:\/\/savoyamp.com\/index.php\/wp-json\/wp\/v2\/product_cat?post=985"},{"taxonomy":"product_tag","embeddable":true,"href":"https:\/\/savoyamp.com\/index.php\/wp-json\/wp\/v2\/product_tag?post=985"}],"curies":[{"name":"wp","href":"https:\/\/api.w.org\/{rel}","templated":true}]}}